{"id":47338,"date":"2021-06-04T14:37:32","date_gmt":"2021-06-04T18:37:32","guid":{"rendered":"https:\/\/sandersonstage.wpenginepowered.com\/our-chicken\/"},"modified":"2026-02-26T15:56:28","modified_gmt":"2026-02-26T20:56:28","slug":"nuestras-granjas","status":"publish","type":"page","link":"https:\/\/sandersonfarms.com\/es\/nuestras-granjas\/","title":{"rendered":"Nuestras Granjas"},"content":{"rendered":"","protected":false},"excerpt":{"rendered":"","protected":false},"author":1,"featured_media":0,"parent":0,"menu_order":0,"comment_status":"closed","ping_status":"closed","template":"page-templates\/page-builder-page.php","meta":{"_acf_changed":false,"_relevanssi_hide_post":"","_relevanssi_hide_content":"","_relevanssi_pin_for_all":"","_relevanssi_pin_keywords":"","_relevanssi_unpin_keywords":"","_relevanssi_related_keywords":"","_relevanssi_related_include_ids":"0","_relevanssi_related_exclude_ids":"","_relevanssi_related_no_append":"","_relevanssi_related_not_related":"","_relevanssi_related_posts":"47595,47299","_relevanssi_noindex_reason":"","footnotes":""},"class_list":["post-47338","page","type-page","status-publish","hentry"],"acf":[],"yoast_head":"<!-- This site is optimized with the Yoast SEO Premium plugin v27.3 (Yoast SEO v27.3) - https:\/\/yoast.com\/product\/yoast-seo-premium-wordpress\/ -->\n<title>Nuestras Granjas - Sanderson Farms<\/title>\n<meta name=\"description\" content=\"Aprende c\u00f3mo se cr\u00eda y prepara el pollo fresco y de calidad. Descubre por qu\u00e9 es perfecto para tus recetas.\" \/>\n<meta name=\"robots\" content=\"index, follow, max-snippet:-1, max-image-preview:large, max-video-preview:-1\" \/>\n<link rel=\"canonical\" href=\"https:\/\/sandersonfarms.com\/es\/nuestras-granjas\/\" \/>\n<meta property=\"og:locale\" content=\"es_ES\" \/>\n<meta property=\"og:type\" content=\"article\" \/>\n<meta property=\"og:title\" content=\"Nuestras Granjas\" \/>\n<meta property=\"og:description\" content=\"Aprende c\u00f3mo se cr\u00eda y prepara el pollo fresco y de calidad. Descubre por qu\u00e9 es perfecto para tus recetas.\" \/>\n<meta property=\"og:url\" content=\"https:\/\/sandersonfarms.com\/es\/nuestras-granjas\/\" \/>\n<meta property=\"og:site_name\" content=\"Sanderson Farms\" \/>\n<meta property=\"article:modified_time\" content=\"2026-02-26T20:56:28+00:00\" \/>\n<meta name=\"twitter:card\" content=\"summary_large_image\" \/>\n<script type=\"application\/ld+json\" class=\"yoast-schema-graph\">{\"@context\":\"https:\\\/\\\/schema.org\",\"@graph\":[{\"@type\":\"WebPage\",\"@id\":\"https:\\\/\\\/sandersonfarms.com\\\/es\\\/nuestras-granjas\\\/\",\"url\":\"https:\\\/\\\/sandersonfarms.com\\\/es\\\/nuestras-granjas\\\/\",\"name\":\"Nuestras Granjas - Sanderson Farms\",\"isPartOf\":{\"@id\":\"https:\\\/\\\/sandersonfarms.com\\\/es\\\/#website\"},\"datePublished\":\"2021-06-04T18:37:32+00:00\",\"dateModified\":\"2026-02-26T20:56:28+00:00\",\"description\":\"Aprende c\u00f3mo se cr\u00eda y prepara el pollo fresco y de calidad. Descubre por qu\u00e9 es perfecto para tus recetas.\",\"breadcrumb\":{\"@id\":\"https:\\\/\\\/sandersonfarms.com\\\/es\\\/nuestras-granjas\\\/#breadcrumb\"},\"inLanguage\":\"es\",\"potentialAction\":[{\"@type\":\"ReadAction\",\"target\":[\"https:\\\/\\\/sandersonfarms.com\\\/es\\\/nuestras-granjas\\\/\"]}]},{\"@type\":\"BreadcrumbList\",\"@id\":\"https:\\\/\\\/sandersonfarms.com\\\/es\\\/nuestras-granjas\\\/#breadcrumb\",\"itemListElement\":[{\"@type\":\"ListItem\",\"position\":1,\"name\":\"Home\",\"item\":\"https:\\\/\\\/sandersonfarms.com\\\/es\\\/\"},{\"@type\":\"ListItem\",\"position\":2,\"name\":\"Nuestras Granjas\"}]},{\"@type\":\"WebSite\",\"@id\":\"https:\\\/\\\/sandersonfarms.com\\\/es\\\/#website\",\"url\":\"https:\\\/\\\/sandersonfarms.com\\\/es\\\/\",\"name\":\"Sanderson Farms\",\"description\":\"70 Years Of Excellence\",\"publisher\":{\"@id\":\"https:\\\/\\\/sandersonfarms.com\\\/es\\\/#organization\"},\"potentialAction\":[{\"@type\":\"SearchAction\",\"target\":{\"@type\":\"EntryPoint\",\"urlTemplate\":\"https:\\\/\\\/sandersonfarms.com\\\/es\\\/?s={search_term_string}\"},\"query-input\":{\"@type\":\"PropertyValueSpecification\",\"valueRequired\":true,\"valueName\":\"search_term_string\"}}],\"inLanguage\":\"es\"},{\"@type\":\"Organization\",\"@id\":\"https:\\\/\\\/sandersonfarms.com\\\/es\\\/#organization\",\"name\":\"Sanderson Farms\",\"url\":\"https:\\\/\\\/sandersonfarms.com\\\/es\\\/\",\"logo\":{\"@type\":\"ImageObject\",\"inLanguage\":\"es\",\"@id\":\"https:\\\/\\\/sandersonfarms.com\\\/es\\\/#\\\/schema\\\/logo\\\/image\\\/\",\"url\":\"https:\\\/\\\/sandersonfarms.com\\\/wp-content\\\/uploads\\\/2020\\\/03\\\/SF-Facebook-Logo.png\",\"contentUrl\":\"https:\\\/\\\/sandersonfarms.com\\\/wp-content\\\/uploads\\\/2020\\\/03\\\/SF-Facebook-Logo.png\",\"width\":747,\"height\":747,\"caption\":\"Sanderson Farms\"},\"image\":{\"@id\":\"https:\\\/\\\/sandersonfarms.com\\\/es\\\/#\\\/schema\\\/logo\\\/image\\\/\"}}]}<\/script>\n<!-- \/ Yoast SEO Premium plugin. -->","yoast_head_json":{"title":"Nuestras Granjas - Sanderson Farms","description":"Aprende c\u00f3mo se cr\u00eda y prepara el pollo fresco y de calidad. Descubre por qu\u00e9 es perfecto para tus recetas.","robots":{"index":"index","follow":"follow","max-snippet":"max-snippet:-1","max-image-preview":"max-image-preview:large","max-video-preview":"max-video-preview:-1"},"canonical":"https:\/\/sandersonfarms.com\/es\/nuestras-granjas\/","og_locale":"es_ES","og_type":"article","og_title":"Nuestras Granjas","og_description":"Aprende c\u00f3mo se cr\u00eda y prepara el pollo fresco y de calidad. Descubre por qu\u00e9 es perfecto para tus recetas.","og_url":"https:\/\/sandersonfarms.com\/es\/nuestras-granjas\/","og_site_name":"Sanderson Farms","article_modified_time":"2026-02-26T20:56:28+00:00","twitter_card":"summary_large_image","schema":{"@context":"https:\/\/schema.org","@graph":[{"@type":"WebPage","@id":"https:\/\/sandersonfarms.com\/es\/nuestras-granjas\/","url":"https:\/\/sandersonfarms.com\/es\/nuestras-granjas\/","name":"Nuestras Granjas - Sanderson Farms","isPartOf":{"@id":"https:\/\/sandersonfarms.com\/es\/#website"},"datePublished":"2021-06-04T18:37:32+00:00","dateModified":"2026-02-26T20:56:28+00:00","description":"Aprende c\u00f3mo se cr\u00eda y prepara el pollo fresco y de calidad. Descubre por qu\u00e9 es perfecto para tus recetas.","breadcrumb":{"@id":"https:\/\/sandersonfarms.com\/es\/nuestras-granjas\/#breadcrumb"},"inLanguage":"es","potentialAction":[{"@type":"ReadAction","target":["https:\/\/sandersonfarms.com\/es\/nuestras-granjas\/"]}]},{"@type":"BreadcrumbList","@id":"https:\/\/sandersonfarms.com\/es\/nuestras-granjas\/#breadcrumb","itemListElement":[{"@type":"ListItem","position":1,"name":"Home","item":"https:\/\/sandersonfarms.com\/es\/"},{"@type":"ListItem","position":2,"name":"Nuestras Granjas"}]},{"@type":"WebSite","@id":"https:\/\/sandersonfarms.com\/es\/#website","url":"https:\/\/sandersonfarms.com\/es\/","name":"Sanderson Farms","description":"70 Years Of Excellence","publisher":{"@id":"https:\/\/sandersonfarms.com\/es\/#organization"},"potentialAction":[{"@type":"SearchAction","target":{"@type":"EntryPoint","urlTemplate":"https:\/\/sandersonfarms.com\/es\/?s={search_term_string}"},"query-input":{"@type":"PropertyValueSpecification","valueRequired":true,"valueName":"search_term_string"}}],"inLanguage":"es"},{"@type":"Organization","@id":"https:\/\/sandersonfarms.com\/es\/#organization","name":"Sanderson Farms","url":"https:\/\/sandersonfarms.com\/es\/","logo":{"@type":"ImageObject","inLanguage":"es","@id":"https:\/\/sandersonfarms.com\/es\/#\/schema\/logo\/image\/","url":"https:\/\/sandersonfarms.com\/wp-content\/uploads\/2020\/03\/SF-Facebook-Logo.png","contentUrl":"https:\/\/sandersonfarms.com\/wp-content\/uploads\/2020\/03\/SF-Facebook-Logo.png","width":747,"height":747,"caption":"Sanderson Farms"},"image":{"@id":"https:\/\/sandersonfarms.com\/es\/#\/schema\/logo\/image\/"}}]}},"_links":{"self":[{"href":"https:\/\/sandersonfarms.com\/es\/wp-json\/wp\/v2\/pages\/47338","targetHints":{"allow":["GET"]}}],"collection":[{"href":"https:\/\/sandersonfarms.com\/es\/wp-json\/wp\/v2\/pages"}],"about":[{"href":"https:\/\/sandersonfarms.com\/es\/wp-json\/wp\/v2\/types\/page"}],"author":[{"embeddable":true,"href":"https:\/\/sandersonfarms.com\/es\/wp-json\/wp\/v2\/users\/1"}],"replies":[{"embeddable":true,"href":"https:\/\/sandersonfarms.com\/es\/wp-json\/wp\/v2\/comments?post=47338"}],"version-history":[{"count":0,"href":"https:\/\/sandersonfarms.com\/es\/wp-json\/wp\/v2\/pages\/47338\/revisions"}],"wp:attachment":[{"href":"https:\/\/sandersonfarms.com\/es\/wp-json\/wp\/v2\/media?parent=47338"}],"curies":[{"name":"wp","href":"https:\/\/api.w.org\/{rel}","templated":true}]}}